{"id":41063,"date":"2025-03-24T10:20:38","date_gmt":"2025-03-24T10:20:38","guid":{"rendered":"https:\/\/rjydisplay.com\/product\/rjoytek-6-95-inch-6001024-tft-lcd-panel-7-inch-lcd-module\/"},"modified":"2025-04-07T10:10:47","modified_gmt":"2025-04-07T10:10:47","slug":"6-95-inch-tft-lcd-display","status":"publish","type":"product","link":"https:\/\/rjydisplay.com\/pt\/produto\/6-95-inch-tft-lcd-display\/","title":{"rendered":"Ecr\u00e3 LCD TFT de 6,95 polegadas - Painel 600*1024, Interface MIPI"},"content":{"rendered":"<p>Este \u00e9 um m\u00f3dulo LCD TFT, resolu\u00e7\u00e3o 600*1024, interface MIPI 300nit de brilho, 31 pinos.<\/p>\n<table style=\"width: 100%; border-collapse: collapse; border-style: solid; border-color: #aba9a9;\">\n<tbody>\n<tr>\n<td style=\"width: 50%;\">Modelo<\/td>\n<td style=\"width: 50%;\">RV070WSM-300-31<\/td>\n<\/tr>\n<tr>\n<td style=\"width: 50%;\">Tamanho<\/td>\n<td style=\"width: 50%;\">M\u00f3dulo LCD TFT de 6,95 polegadas<\/td>\n<\/tr>\n<tr>\n<td style=\"width: 50%;\">Tipo de painel<\/td>\n<td style=\"width: 50%;\">IPS<\/td>\n<\/tr>\n<tr>\n<td style=\"width: 50%;\">Resolu\u00e7\u00e3o<\/td>\n<td style=\"width: 50%;\">600xRGBx1024<\/td>\n<\/tr>\n<tr>\n<td style=\"width: 50%;\">Modo de visualiza\u00e7\u00e3o<\/td>\n<td style=\"width: 50%;\">Normalmente preto<\/td>\n<\/tr>\n<tr>\n<td style=\"width: 50%;\">N\u00famero de cores<\/td>\n<td style=\"width: 50%;\">16.7M<\/td>\n<\/tr>\n<tr>\n<td style=\"width: 50%;\">Dire\u00e7\u00e3o de visualiza\u00e7\u00e3o<\/td>\n<td style=\"width: 50%;\">TODOS<\/td>\n<\/tr>\n<tr>\n<td style=\"width: 50%;\">NTSC<\/td>\n<td style=\"width: 50%;\">50%<\/td>\n<\/tr>\n<tr>\n<td style=\"width: 50%;\">Rela\u00e7\u00e3o de contraste<\/td>\n<td style=\"width: 50%;\">1000<\/td>\n<\/tr>\n<tr>\n<td style=\"width: 50%;\">Lumin\u00e2ncia<\/td>\n<td style=\"width: 50%;\">300 cd\/m2<\/td>\n<\/tr>\n<tr>\n<td style=\"width: 50%;\">Tamanho do m\u00f3dulo<\/td>\n<td style=\"width: 50%;\">94.88(H)x163.18(V)x2.39(D<\/td>\n<\/tr>\n<tr>\n<td style=\"width: 50%;\">\u00c1rea ativa do painel<\/td>\n<td style=\"width: 50%;\">89.28X152.37<\/td>\n<\/tr>\n<tr>\n<td style=\"width: 50%;\">Passo do pixel<\/td>\n<td style=\"width: 50%;\">148,8 \u00d7 148,8<\/td>\n<\/tr>\n<tr>\n<td style=\"width: 50%;\">Disposi\u00e7\u00e3o dos pixels<\/td>\n<td style=\"width: 50%;\">Faixa RGB<\/td>\n<\/tr>\n<tr>\n<td style=\"width: 50%;\">IC de acionamento<\/td>\n<td style=\"width: 50%;\">ICML9707<\/td>\n<\/tr>\n<tr>\n<td style=\"width: 50%;\">Fonte de luz<\/td>\n<td style=\"width: 50%;\">18 luzes LED<\/td>\n<\/tr>\n<tr>\n<td style=\"width: 50%;\">Interface<\/td>\n<td style=\"width: 50%;\">MIPI<\/td>\n<\/tr>\n<tr>\n<td style=\"width: 50%;\">Temperatura de funcionamento<\/td>\n<td style=\"width: 50%;\">-20~+70 \u2103<\/td>\n<\/tr>\n<tr>\n<td style=\"width: 50%;\">Temperatura de armazenamento<\/td>\n<td style=\"width: 50%;\">-30~+80 \u2103<\/td>\n<\/tr>\n<\/tbody>\n<\/table>\n<p>&nbsp;<\/p>","protected":false},"excerpt":{"rendered":"<ul>\n<li>Tamanho: M\u00f3dulo LCD TFT de 6,95 polegadas<\/li>\n<li>Resolu\u00e7\u00e3o: 600*1024<\/li>\n<li>Interface: MIPI<\/li>\n<li>Rela\u00e7\u00e3o de contraste: 1000:1<\/li>\n<li>Lumin\u00e2ncia: 300 cd\/m2<\/li>\n<li>IC do controlador: ICML9707<\/li>\n<\/ul>","protected":false},"featured_media":42132,"template":"","meta":[],"product_brand":[],"product_cat":[184],"product_tag":[],"class_list":{"0":"post-41063","1":"product","2":"type-product","3":"status-publish","4":"has-post-thumbnail","6":"product_cat-standard-displays","8":"first","9":"instock","10":"product-type-simple"},"ct_brands":[],"_links":{"self":[{"href":"https:\/\/rjydisplay.com\/pt\/wp-json\/wp\/v2\/product\/41063","targetHints":{"allow":["GET"]}}],"collection":[{"href":"https:\/\/rjydisplay.com\/pt\/wp-json\/wp\/v2\/product"}],"about":[{"href":"https:\/\/rjydisplay.com\/pt\/wp-json\/wp\/v2\/types\/product"}],"wp:featuredmedia":[{"embeddable":true,"href":"https:\/\/rjydisplay.com\/pt\/wp-json\/wp\/v2\/media\/42132"}],"wp:attachment":[{"href":"https:\/\/rjydisplay.com\/pt\/wp-json\/wp\/v2\/media?parent=41063"}],"wp:term":[{"taxonomy":"product_brand","embeddable":true,"href":"https:\/\/rjydisplay.com\/pt\/wp-json\/wp\/v2\/product_brand?post=41063"},{"taxonomy":"product_cat","embeddable":true,"href":"https:\/\/rjydisplay.com\/pt\/wp-json\/wp\/v2\/product_cat?post=41063"},{"taxonomy":"product_tag","embeddable":true,"href":"https:\/\/rjydisplay.com\/pt\/wp-json\/wp\/v2\/product_tag?post=41063"}],"curies":[{"name":"wp","href":"https:\/\/api.w.org\/{rel}","templated":true}]}}