{"id":41093,"date":"2025-03-24T10:20:44","date_gmt":"2025-03-24T10:20:44","guid":{"rendered":"https:\/\/rjydisplay.com\/product\/tft-color-display-6-8-inch-4801280-lcd-panel-for-microwave-oven\/"},"modified":"2025-04-03T08:46:37","modified_gmt":"2025-04-03T08:46:37","slug":"6-8-inch-bar-tft-lcd-display","status":"publish","type":"product","link":"https:\/\/rjydisplay.com\/pt\/produto\/6-8-inch-bar-tft-lcd-display\/","title":{"rendered":"Ecr\u00e3 LCD TFT de 6,8 polegadas, 480*1280 Painel LCD para Forno Micro-ondas"},"content":{"rendered":"<p style=\"text-align: justify;\">Este \u00e9 um ecr\u00e3 de barra esticada TFT LCD a cores, com 6,8 polegadas e resolu\u00e7\u00e3o de 1280*480, utilizado principalmente no painel de controlo de electrodom\u00e9sticos de cozinha, como fornos, fornos de micro-ondas, fritadeiras, etc.<\/p>\n<p>Se precisar de amostras, pode dizer-nos:<br \/>\n1: A quantidade de amostras, temos um grande n\u00famero de amostras em stock para envio r\u00e1pido;<br \/>\n2: Necessita de uma placa HDMI? Normalmente, fornecemos a placa, exceto se n\u00e3o precisar dela;<br \/>\n3: O seu endere\u00e7o, podemos ter de calcular o custo de envio e a hora de chegada do expresso para si;<br \/>\n4: A interface convencional \u00e9 MIPI, se precisar de outras, especifique;<br \/>\n5: Necessita de amostras com ou sem tato.<\/p>\n<p>Se precisar de personalizar um produto especial, diga-nos os seus requisitos como detalhes, os nossos profissionais de vendas entrar\u00e3o em discuss\u00f5es profundas consigo e manter\u00e3o o seu projeto absolutamente confidencial.<\/p>\n<table style=\"width: 100%; border-collapse: collapse; border-style: solid; border-color: #c2bebe;\">\n<tbody>\n<tr>\n<td style=\"width: 50%; border-style: solid; border-color: #b8b4b4;\">Modelo<\/td>\n<td style=\"width: 50%; border-style: solid; border-color: #b8b4b4;\">RV068Y0M-TBD-40<\/td>\n<\/tr>\n<tr>\n<td style=\"width: 50%; border-style: solid; border-color: #b8b4b4;\">Tamanho<\/td>\n<td style=\"width: 50%; border-style: solid; border-color: #b8b4b4;\">Painel de ecr\u00e3 LCD a cores TFT de 6,8 polegadas<\/td>\n<\/tr>\n<tr>\n<td style=\"width: 50%; border-style: solid; border-color: #b8b4b4;\">Tipo de LCD<\/td>\n<td style=\"width: 50%; border-style: solid; border-color: #b8b4b4;\">AM TFT ,TRANSMISSIVO, NEGATIVO<\/td>\n<\/tr>\n<tr>\n<td style=\"width: 50%; border-style: solid; border-color: #b8b4b4;\">Formato do ecr\u00e3<\/td>\n<td style=\"width: 50%; border-style: solid; border-color: #b8b4b4;\">480(R,G,B)*1280<\/td>\n<\/tr>\n<tr>\n<td style=\"width: 50%; border-style: solid; border-color: #b8b4b4;\">Dados de entrada<\/td>\n<td style=\"width: 50%; border-style: solid; border-color: #b8b4b4;\">MIPI<\/td>\n<\/tr>\n<tr>\n<td style=\"width: 50%; border-style: solid; border-color: #b8b4b4;\">\u00c2ngulo de vis\u00e3o<\/td>\n<td style=\"width: 50%; border-style: solid; border-color: #b8b4b4;\">TODAS AS HORAS<\/td>\n<\/tr>\n<tr>\n<td style=\"width: 50%; border-style: solid; border-color: #b8b4b4;\">Condutor IC<\/td>\n<td style=\"width: 50%; border-style: solid; border-color: #b8b4b4;\">ICN9707<\/td>\n<\/tr>\n<tr>\n<td style=\"width: 50%; border-style: solid; border-color: #b8b4b4;\">Cores do ecr\u00e3<\/td>\n<td style=\"width: 50%; border-style: solid; border-color: #b8b4b4;\">16.7M<\/td>\n<\/tr>\n<tr>\n<td style=\"width: 50%; border-style: solid; border-color: #b8b4b4;\">Tamanho do m\u00f3dulo<\/td>\n<td style=\"width: 50%; border-style: solid; border-color: #b8b4b4;\">65.75(W)\u00d7176.53(L)\u00d74.15(T)<\/td>\n<\/tr>\n<tr>\n<td style=\"width: 50%; border-style: solid; border-color: #b8b4b4;\">\u00c1rea ativa<\/td>\n<td style=\"width: 50%; border-style: solid; border-color: #b8b4b4;\">60.192(W) \u00d7160.512(L)<\/td>\n<\/tr>\n<tr>\n<td style=\"width: 50%; border-style: solid; border-color: #b8b4b4;\">Tamanho do pixel<\/td>\n<td style=\"width: 50%; border-style: solid; border-color: #b8b4b4;\">0.047*0.141<\/td>\n<\/tr>\n<tr>\n<td style=\"width: 50%; border-style: solid; border-color: #b8b4b4;\">Temperatura de funcionamento<\/td>\n<td style=\"width: 50%; border-style: solid; border-color: #b8b4b4;\">-20 a +70 \u2103<\/td>\n<\/tr>\n<tr>\n<td style=\"width: 50%; border-style: solid; border-color: #b8b4b4;\">Temperatura de armazenamento<\/td>\n<td style=\"width: 50%; border-style: solid; border-color: #b8b4b4;\">-30 a +80 \u2103<\/td>\n<\/tr>\n<\/tbody>\n<\/table>\n<p>&nbsp;<\/p>\n<p><img fetchpriority=\"high\" decoding=\"async\" class=\"size-full wp-image-7301\" src=\"https:\/\/rjydisplay.com\/wp-content\/uploads\/2022\/08\/RV068Y0M-TBD-40.jpg\" alt=\"6.8 inch color lcd panel\" width=\"1500\" height=\"1203\" title=\"\"><\/p>","protected":false},"excerpt":{"rendered":"<ul>\n<li>Tamanho: Ecr\u00e3 LCD a cores TFT de 6,8 polegadas<\/li>\n<li>Resolu\u00e7\u00e3o: 480*1280<\/li>\n<li>Interface: MIPI<\/li>\n<li>Condutor IC: ICN9707<\/li>\n<li>Temperatura de armazenamento: -30 a +80 \u2103<\/li>\n<li>Palavra-chave: Painel LCD TFT, Painel de ecr\u00e3 a cores de 6,8 polegadas<\/li>\n<\/ul>","protected":false},"featured_media":42067,"template":"","meta":[],"product_brand":[],"product_cat":[186,179],"product_tag":[],"class_list":{"0":"post-41093","1":"product","2":"type-product","3":"status-publish","4":"has-post-thumbnail","6":"product_cat-sunlight-readable-display","7":"product_cat-bar-display","9":"first","10":"instock","11":"product-type-simple"},"ct_brands":[],"_links":{"self":[{"href":"https:\/\/rjydisplay.com\/pt\/wp-json\/wp\/v2\/product\/41093","targetHints":{"allow":["GET"]}}],"collection":[{"href":"https:\/\/rjydisplay.com\/pt\/wp-json\/wp\/v2\/product"}],"about":[{"href":"https:\/\/rjydisplay.com\/pt\/wp-json\/wp\/v2\/types\/product"}],"wp:featuredmedia":[{"embeddable":true,"href":"https:\/\/rjydisplay.com\/pt\/wp-json\/wp\/v2\/media\/42067"}],"wp:attachment":[{"href":"https:\/\/rjydisplay.com\/pt\/wp-json\/wp\/v2\/media?parent=41093"}],"wp:term":[{"taxonomy":"product_brand","embeddable":true,"href":"https:\/\/rjydisplay.com\/pt\/wp-json\/wp\/v2\/product_brand?post=41093"},{"taxonomy":"product_cat","embeddable":true,"href":"https:\/\/rjydisplay.com\/pt\/wp-json\/wp\/v2\/product_cat?post=41093"},{"taxonomy":"product_tag","embeddable":true,"href":"https:\/\/rjydisplay.com\/pt\/wp-json\/wp\/v2\/product_tag?post=41093"}],"curies":[{"name":"wp","href":"https:\/\/api.w.org\/{rel}","templated":true}]}}