{"id":41115,"date":"2025-03-24T10:20:48","date_gmt":"2025-03-24T10:20:48","guid":{"rendered":"https:\/\/rjydisplay.com\/product\/3-2-inch-tft-lcd-display-240320-ips-lcd-display-module\/"},"modified":"2025-06-12T03:33:06","modified_gmt":"2025-06-12T03:33:06","slug":"3-2-inch-tft-lcd-display","status":"publish","type":"product","link":"https:\/\/rjydisplay.com\/pt\/produto\/3-2-inch-tft-lcd-display\/","title":{"rendered":"Ecr\u00e3 LCD TFT de 3,2 polegadas - M\u00f3dulo de ecr\u00e3 LCD IPS de 240*320, 50 pinos"},"content":{"rendered":"<p style=\"text-align: justify;\">O m\u00f3dulo de ecr\u00e3 IPS lcd de 3,2 polegadas com resolu\u00e7\u00e3o de 240*320, podemos personalizar o ecr\u00e3 t\u00e1til de acordo com os requisitos do cliente. Fornecer diferentes placas de controlo lcd funcionais e placas HDMI.<br \/>\nA sua ampla aplica\u00e7\u00e3o em dispositivos m\u00e9dicos, equipamento port\u00e1til, m\u00e1quinas POS e necessita de um ecr\u00e3 LCD de 3,2 polegadas de pequenas dimens\u00f5es.<\/p>\n<p>&nbsp;<\/p>\n<p>&nbsp;<\/p>\n<p><span style=\"font-size: 18pt;\"><strong>Porqu\u00ea escolher este ecr\u00e3 LCD TFT de 3,2 polegadas?<\/strong><\/span><\/p>\n<p><strong>Visuais impressionantes:<\/strong><\/p>\n<p style=\"text-align: justify;\">O m\u00f3dulo de ecr\u00e3 TFT LCD 240\u00d7320 IPS de 3,2 polegadas possui uma resolu\u00e7\u00e3o de 240\u00d7320 pixels, proporcionando imagens n\u00edtidas e vibrantes para o seu tamanho. A tecnologia In-Plane Switching (IPS) assegura uma excelente reprodu\u00e7\u00e3o de cores, \u00e2ngulos de visualiza\u00e7\u00e3o alargados e uma qualidade de imagem melhorada. Quer esteja a conceber uma consola de jogos port\u00e1til, um dispositivo m\u00e9dico ou um painel de controlo industrial, as imagens vivas e n\u00edtidas oferecidas por este m\u00f3dulo de visualiza\u00e7\u00e3o ir\u00e3o melhorar significativamente a experi\u00eancia do utilizador.<\/p>\n<p><strong>Compacto e f\u00e1cil de integrar:<\/strong><\/p>\n<p style=\"text-align: justify;\">Com apenas 3,2 polegadas na diagonal, este m\u00f3dulo de visualiza\u00e7\u00e3o \u00e9 compacto, mas oferece um amplo espa\u00e7o de ecr\u00e3 para a apresenta\u00e7\u00e3o de informa\u00e7\u00f5es e gr\u00e1ficos. O seu formato pequeno torna-o uma escolha ideal para aplica\u00e7\u00f5es em que o espa\u00e7o \u00e9 limitado. Al\u00e9m disso, o m\u00f3dulo foi concebido tendo em mente a facilidade de integra\u00e7\u00e3o. Normalmente, utiliza uma interface paralela padr\u00e3o ou uma interface de s\u00e9rie (SPI ou I2C) para comunica\u00e7\u00e3o com o microcontrolador anfitri\u00e3o, permitindo uma integra\u00e7\u00e3o perfeita em v\u00e1rios projectos e reduzindo o tempo de desenvolvimento.<\/p>\n<p><strong>Capacidade do ecr\u00e3 t\u00e1til:<\/strong><\/p>\n<p style=\"text-align: justify;\">Muitas vers\u00f5es do m\u00f3dulo de ecr\u00e3 IPS TFT LCD 240\u00d7320 de 3,2 polegadas v\u00eam com funcionalidade de ecr\u00e3 t\u00e1til, acrescentando outra camada de interatividade ao seu projeto. O ecr\u00e3 t\u00e1til permite aos utilizadores navegar pelos menus, introduzir dados e interagir diretamente com o conte\u00fado apresentado, melhorando a experi\u00eancia geral do utilizador. O m\u00f3dulo suporta frequentemente tecnologia t\u00e1til capacitiva ou resistiva, dando aos programadores a flexibilidade de escolher a melhor op\u00e7\u00e3o para os requisitos espec\u00edficos da sua aplica\u00e7\u00e3o.<\/p>","protected":false},"excerpt":{"rendered":"<ul>\n<li>Resolu\u00e7\u00e3o: 240(RGB)* 320<\/li>\n<li>\u00c1rea ativa: 48,60(L) * 64,80(A) mm<\/li>\n<li>Interface: Modo MCU 16<\/li>\n<li>Liga\u00e7\u00e3o de pinos: 50 pinos<\/li>\n<li>Lumin\u00e2ncia: 300 cd\/m\u00b2<\/li>\n<\/ul>","protected":false},"featured_media":42086,"template":"","meta":[],"product_brand":[],"product_cat":[184],"product_tag":[],"class_list":{"0":"post-41115","1":"product","2":"type-product","3":"status-publish","4":"has-post-thumbnail","6":"product_cat-standard-displays","8":"first","9":"instock","10":"product-type-simple"},"ct_brands":[],"_links":{"self":[{"href":"https:\/\/rjydisplay.com\/pt\/wp-json\/wp\/v2\/product\/41115","targetHints":{"allow":["GET"]}}],"collection":[{"href":"https:\/\/rjydisplay.com\/pt\/wp-json\/wp\/v2\/product"}],"about":[{"href":"https:\/\/rjydisplay.com\/pt\/wp-json\/wp\/v2\/types\/product"}],"wp:featuredmedia":[{"embeddable":true,"href":"https:\/\/rjydisplay.com\/pt\/wp-json\/wp\/v2\/media\/42086"}],"wp:attachment":[{"href":"https:\/\/rjydisplay.com\/pt\/wp-json\/wp\/v2\/media?parent=41115"}],"wp:term":[{"taxonomy":"product_brand","embeddable":true,"href":"https:\/\/rjydisplay.com\/pt\/wp-json\/wp\/v2\/product_brand?post=41115"},{"taxonomy":"product_cat","embeddable":true,"href":"https:\/\/rjydisplay.com\/pt\/wp-json\/wp\/v2\/product_cat?post=41115"},{"taxonomy":"product_tag","embeddable":true,"href":"https:\/\/rjydisplay.com\/pt\/wp-json\/wp\/v2\/product_tag?post=41115"}],"curies":[{"name":"wp","href":"https:\/\/api.w.org\/{rel}","templated":true}]}}