{"id":41119,"date":"2025-03-24T10:20:52","date_gmt":"2025-03-24T10:20:52","guid":{"rendered":"https:\/\/rjydisplay.com\/product\/6-inch-tft-lcd-display-10801920-resolution\/"},"modified":"2025-04-03T06:14:22","modified_gmt":"2025-04-03T06:14:22","slug":"6-inch-tft-lcd-display","status":"publish","type":"product","link":"https:\/\/rjydisplay.com\/pt\/produto\/6-inch-tft-lcd-display\/","title":{"rendered":"Ecr\u00e3 LCD TFT de 6 polegadas - Resolu\u00e7\u00e3o 1080*1920, Brilho de 350nit, Interface MIPI"},"content":{"rendered":"<p style=\"text-align: justify;\">O RV060FHM-350-39 \u00e9 um m\u00f3dulo de tela LCD colorida HD 1080P de 6 polegadas com 1080*1920 pixels, backlight LED e \u00e2ngulo de vis\u00e3o amplo. Trata-se de um modelo de display TFT transmissivo Normally Black de formato quadrado, com interface MIPI VIDEO MODE, sendo poss\u00edvel alterar a interface conforme seus requisitos. O driver IC \u00e9 NT35532, com ampla temperatura de armazenamento de -30 a 70 graus e umidade de armazenamento de 90%RH.<\/p>\n<p>O brilho \u00e9 personaliz\u00e1vel; sinta-se \u00e0 vontade para informar seus requisitos quanto ao brilho do painel LCD.<\/p>","protected":false},"excerpt":{"rendered":"<ul>\n<li>Modo de visualiza\u00e7\u00e3o: Normalmente preto transmissivo<\/li>\n<li>N\u00famero de pixels: 1080xRGBx1920 Pixels<\/li>\n<li>Unidade IC: NT35532<\/li>\n<li>Lumin\u00e2ncia do m\u00f3dulo: 350 nit \/ personalizado<\/li>\n<li>Sinais de entrada: MODO DE V\u00cdDEO MIPI<\/li>\n<\/ul>","protected":false},"featured_media":42026,"template":"","meta":[],"product_brand":[],"product_cat":[184],"product_tag":[],"class_list":{"0":"post-41119","1":"product","2":"type-product","3":"status-publish","4":"has-post-thumbnail","6":"product_cat-standard-displays","8":"first","9":"instock","10":"product-type-simple"},"ct_brands":[],"_links":{"self":[{"href":"https:\/\/rjydisplay.com\/pt\/wp-json\/wp\/v2\/product\/41119","targetHints":{"allow":["GET"]}}],"collection":[{"href":"https:\/\/rjydisplay.com\/pt\/wp-json\/wp\/v2\/product"}],"about":[{"href":"https:\/\/rjydisplay.com\/pt\/wp-json\/wp\/v2\/types\/product"}],"wp:featuredmedia":[{"embeddable":true,"href":"https:\/\/rjydisplay.com\/pt\/wp-json\/wp\/v2\/media\/42026"}],"wp:attachment":[{"href":"https:\/\/rjydisplay.com\/pt\/wp-json\/wp\/v2\/media?parent=41119"}],"wp:term":[{"taxonomy":"product_brand","embeddable":true,"href":"https:\/\/rjydisplay.com\/pt\/wp-json\/wp\/v2\/product_brand?post=41119"},{"taxonomy":"product_cat","embeddable":true,"href":"https:\/\/rjydisplay.com\/pt\/wp-json\/wp\/v2\/product_cat?post=41119"},{"taxonomy":"product_tag","embeddable":true,"href":"https:\/\/rjydisplay.com\/pt\/wp-json\/wp\/v2\/product_tag?post=41119"}],"curies":[{"name":"wp","href":"https:\/\/api.w.org\/{rel}","templated":true}]}}