{"id":42714,"date":"2025-05-07T09:16:13","date_gmt":"2025-05-07T09:16:13","guid":{"rendered":"https:\/\/rjydisplay.com\/?post_type=product&#038;p=42714"},"modified":"2025-12-04T05:44:58","modified_gmt":"2025-12-04T05:44:58","slug":"4-05-inch-e-paper-display-module","status":"publish","type":"product","link":"https:\/\/rjydisplay.com\/pt\/produto\/4-05-inch-e-paper-display-module\/","title":{"rendered":"M\u00f3dulo de ecr\u00e3 E-Paper de 4,05 polegadas - ecr\u00e3 TFT a-Si"},"content":{"rendered":"<p><span class=\"_fadeIn_pfttw_8\">RJY <\/span><span class=\"_fadeIn_pfttw_8\">Ecr\u00e3 <\/span><span class=\"_fadeIn_pfttw_8\">orgulhosamente <\/span><span class=\"_fadeIn_pfttw_8\">presentes <\/span><span class=\"_fadeIn_pfttw_8\">a <\/span><span class=\"_fadeIn_pfttw_8\">4.0-<\/span><span class=\"_fadeIn_pfttw_8\">polegada <\/span><span class=\"_fadeIn_pfttw_8\">E-<\/span><span class=\"_fadeIn_pfttw_8\">Papel <\/span><span class=\"_fadeIn_pfttw_8\">Ecr\u00e3 <\/span><span class=\"_fadeIn_pfttw_8\">concebido <\/span><span class=\"_fadeIn_pfttw_8\">para <\/span><span class=\"_fadeIn_pfttw_8\">ultra-<\/span><span class=\"_fadeIn_pfttw_8\">baixo <\/span><span class=\"_fadeIn_pfttw_8\">pot\u00eancia <\/span><span class=\"_fadeIn_pfttw_8\">aplica\u00e7\u00f5es <\/span><span class=\"_fadeIn_pfttw_8\">que <\/span><span class=\"_fadeIn_pfttw_8\">exigir <\/span><span class=\"_fadeIn_pfttw_8\">excecional <\/span><span class=\"_fadeIn_pfttw_8\">luz solar <\/span><span class=\"_fadeIn_pfttw_8\">legibilidade <\/span><span class=\"_fadeIn_pfttw_8\">e <\/span><span class=\"_fadeIn_pfttw_8\">largo <\/span><span class=\"_fadeIn_pfttw_8\">visualiza\u00e7\u00e3o <\/span><span class=\"_fadeIn_pfttw_8\">\u00e2ngulos. <\/span><span class=\"_fadeIn_pfttw_8\">Apresentando <\/span><span class=\"_fadeIn_pfttw_8\">a <\/span><span class=\"_fadeIn_pfttw_8\">quatro<\/span><span class=\"_fadeIn_pfttw_8\">cor <\/span><span class=\"_fadeIn_pfttw_8\">ecr\u00e3 <\/span><span class=\"_fadeIn_pfttw_8\">capacidade <\/span><span class=\"_fadeIn_pfttw_8\">e <\/span><span class=\"_fadeIn_pfttw_8\">anti<\/span><span class=\"_fadeIn_pfttw_8\">brilho <\/span><span class=\"_fadeIn_pfttw_8\">superf\u00edcie, <\/span><span class=\"_fadeIn_pfttw_8\">este <\/span><span class=\"_fadeIn_pfttw_8\">m\u00f3dulo <\/span><span class=\"_fadeIn_pfttw_8\">\u00e9 <\/span><span class=\"_fadeIn_pfttw_8\">ideal <\/span><span class=\"_fadeIn_pfttw_8\">para <\/span><span class=\"_fadeIn_pfttw_8\">aplica\u00e7\u00f5es <\/span><span class=\"_fadeIn_pfttw_8\">tal <\/span><span class=\"_fadeIn_pfttw_8\">como <\/span><span class=\"_fadeIn_pfttw_8\">inteligente <\/span><span class=\"_fadeIn_pfttw_8\">etiquetas, <\/span><span class=\"_fadeIn_pfttw_8\">retalho <\/span><span class=\"_fadeIn_pfttw_8\">pre\u00e7o <\/span><span class=\"_fadeIn_pfttw_8\">tags, <\/span><span class=\"_fadeIn_pfttw_8\">industrial <\/span><span class=\"_fadeIn_pfttw_8\">instrumentos, <\/span><span class=\"_fadeIn_pfttw_8\">IoT <\/span><span class=\"_fadeIn_pfttw_8\">dispositivos, <\/span><span class=\"_fadeIn_pfttw_8\">e <\/span><span class=\"_fadeIn_pfttw_8\">e-<\/span><span class=\"_fadeIn_pfttw_8\">prateleira <\/span><span class=\"_fadeIn_pfttw_8\">sinaliza\u00e7\u00e3o.<\/span><\/p>\n<table>\n<thead>\n<tr>\n<th><strong>Item<\/strong><\/th>\n<th><strong>Especifica\u00e7\u00e3o<\/strong><\/th>\n<th><strong>Unidade<\/strong><\/th>\n<th><strong>Nota<\/strong><\/th>\n<\/tr>\n<\/thead>\n<tbody>\n<tr>\n<td><strong>Tamanho do ecr\u00e3<\/strong><\/td>\n<td>4.0<\/td>\n<td>polegada<\/td>\n<td>Diagonal aproximada<\/td>\n<\/tr>\n<tr>\n<td><strong>Dimens\u00e3o do contorno<\/strong><\/td>\n<td>80 (H) \u00d7 80 (V) \u00d7 0,9 (T)<\/td>\n<td>mm<\/td>\n<td>Design quadrado compacto<\/td>\n<\/tr>\n<tr>\n<td><strong>\u00c1rea ativa<\/strong><\/td>\n<td>75,504 (H) \u00d7 69,888 (V)<\/td>\n<td>mm<\/td>\n<td><\/td>\n<\/tr>\n<tr>\n<td><strong>Resolu\u00e7\u00e3o de pixels<\/strong><\/td>\n<td>832 \u00d7 768<\/td>\n<td>pix\u00e9is<\/td>\n<td>Matriz de p\u00edxeis de alta densidade<\/td>\n<\/tr>\n<tr>\n<td><strong>Passo do pixel<\/strong><\/td>\n<td>90.75 \u00d7 91<\/td>\n<td>\u03bcm<\/td>\n<td><\/td>\n<\/tr>\n<tr>\n<td><strong>Disposi\u00e7\u00e3o dos pixels<\/strong><\/td>\n<td>Risca vertical<\/td>\n<td>-<\/td>\n<td><\/td>\n<\/tr>\n<tr>\n<td><strong>Ecr\u00e3 a cores<\/strong><\/td>\n<td>Preto \/ Branco \/ Vermelho \/ Amarelo<\/td>\n<td>-<\/td>\n<td>Papel eletr\u00f3nico de 4 cores<\/td>\n<\/tr>\n<tr>\n<td><strong>Tratamento de superf\u00edcie<\/strong><\/td>\n<td>Antirreflexo, Dureza 3H<\/td>\n<td>-<\/td>\n<td>Dur\u00e1vel e resistente ao encandeamento<\/td>\n<\/tr>\n<tr>\n<td><strong>Elemento condutor<\/strong><\/td>\n<td>TFT a-Si<\/td>\n<td>-<\/td>\n<td>Matriz ativa<\/td>\n<\/tr>\n<tr>\n<td><strong>Motorista COG<\/strong><\/td>\n<td>Layout OTP (compat\u00edvel com BOE)<\/td>\n<td>-<\/td>\n<td><\/td>\n<\/tr>\n<tr>\n<td><strong>Forma de onda EPD<\/strong><\/td>\n<td>Fornecido e descarreg\u00e1vel atrav\u00e9s de ferramentas BOE<\/td>\n<td>-<\/td>\n<td><\/td>\n<\/tr>\n<\/tbody>\n<\/table>\n<p data-start=\"620\" data-end=\"640\">\n<p data-start=\"620\" data-end=\"640\"><strong><span class=\"_fadeIn_m1hgl_8\">Chave <\/span><span class=\"_fadeIn_m1hgl_8\">Carater\u00edsticas<\/span><\/strong><\/p>\n<ul data-start=\"642\" data-end=\"1166\">\n<li data-start=\"642\" data-end=\"686\">\n<p data-start=\"644\" data-end=\"686\"><strong data-start=\"644\" data-end=\"661\"><span class=\"_fadeIn_m1hgl_8\">Ecr\u00e3 <\/span><span class=\"_fadeIn_m1hgl_8\">Tamanho:<\/span><\/strong> <span class=\"_fadeIn_m1hgl_8\">4.05 <\/span><span class=\"_fadeIn_m1hgl_8\">polegadas (<\/span><span class=\"_fadeIn_m1hgl_8\">diagonal)<\/span><\/p>\n<\/li>\n<li data-start=\"687\" data-end=\"723\">\n<p data-start=\"689\" data-end=\"723\"><strong data-start=\"689\" data-end=\"704\"><span class=\"_fadeIn_m1hgl_8\">Resolu\u00e7\u00e3o:<\/span><\/strong> <span class=\"_fadeIn_m1hgl_8\">832 \u00d7 <\/span><span class=\"_fadeIn_m1hgl_8\">768 <\/span><span class=\"_fadeIn_m1hgl_8\">pix\u00e9is<\/span><\/p>\n<\/li>\n<li data-start=\"724\" data-end=\"758\">\n<p data-start=\"726\" data-end=\"758\"><strong data-start=\"726\" data-end=\"742\"><span class=\"_fadeIn_m1hgl_8\">Pixel <\/span><span class=\"_fadeIn_m1hgl_8\">Pitch:<\/span><\/strong> <span class=\"_fadeIn_m1hgl_8\">90.75 \u00d7 <\/span><span class=\"_fadeIn_m1hgl_8\">91 <\/span><span class=\"_fadeIn_m1hgl_8\">\u03bcm<\/span><\/p>\n<\/li>\n<li data-start=\"759\" data-end=\"798\">\n<p data-start=\"761\" data-end=\"798\"><strong data-start=\"761\" data-end=\"777\"><span class=\"_fadeIn_m1hgl_8\">Ativo <\/span><span class=\"_fadeIn_m1hgl_8\">\u00c1rea:<\/span><\/strong> <span class=\"_fadeIn_m1hgl_8\">75.504 \u00d7 <\/span><span class=\"_fadeIn_m1hgl_8\">69.888 <\/span><span class=\"_fadeIn_m1hgl_8\">mm<\/span><\/p>\n<\/li>\n<li data-start=\"799\" data-end=\"842\">\n<p data-start=\"801\" data-end=\"842\"><strong data-start=\"801\" data-end=\"823\"><span class=\"_fadeIn_m1hgl_8\">Esbo\u00e7o <\/span><span class=\"_fadeIn_m1hgl_8\">Dimens\u00e3o:<\/span><\/strong> <span class=\"_fadeIn_m1hgl_8\">80 \u00d7 <\/span><span class=\"_fadeIn_m1hgl_8\">80 \u00d7 <\/span><span class=\"_fadeIn_m1hgl_8\">0.9 <\/span><span class=\"_fadeIn_m1hgl_8\">mm<\/span><\/p>\n<\/li>\n<li data-start=\"843\" data-end=\"895\">\n<p data-start=\"845\" data-end=\"895\"><strong data-start=\"845\" data-end=\"864\"><span class=\"_fadeIn_m1hgl_8\">Ecr\u00e3 <\/span><span class=\"_fadeIn_m1hgl_8\">Cores:<\/span><\/strong> <span class=\"_fadeIn_m1hgl_8\">Preto \/ <\/span><span class=\"_fadeIn_m1hgl_8\">Branco \/ <\/span><span class=\"_fadeIn_m1hgl_8\">Vermelho \/ <\/span><span class=\"_fadeIn_m1hgl_8\">Amarelo<\/span><\/p>\n<\/li>\n<li data-start=\"896\" data-end=\"946\">\n<p data-start=\"898\" data-end=\"946\"><strong data-start=\"898\" data-end=\"920\"><span class=\"_fadeIn_m1hgl_8\">Superf\u00edcie <\/span><span class=\"_fadeIn_m1hgl_8\">Tratamento:<\/span><\/strong> <span class=\"_fadeIn_m1hgl_8\">Anti-<\/span><span class=\"_fadeIn_m1hgl_8\">Brilho, <\/span><span class=\"_fadeIn_m1hgl_8\">3H <\/span><span class=\"_fadeIn_m1hgl_8\">Dureza<\/span><\/p>\n<\/li>\n<li data-start=\"947\" data-end=\"989\">\n<p data-start=\"949\" data-end=\"989\"><strong data-start=\"949\" data-end=\"971\"><span class=\"_fadeIn_m1hgl_8\">Pixel <\/span><span class=\"_fadeIn_m1hgl_8\">Arranjo:<\/span><\/strong> <span class=\"_fadeIn_m1hgl_8\">Vertical <\/span><span class=\"_fadeIn_m1hgl_8\">risca<\/span><\/p>\n<\/li>\n<li data-start=\"990\" data-end=\"1036\">\n<p data-start=\"992\" data-end=\"1036\"><strong data-start=\"992\" data-end=\"1011\"><span class=\"_fadeIn_m1hgl_8\">Condutor <\/span><span class=\"_fadeIn_m1hgl_8\">Elemento:<\/span><\/strong> <span class=\"_fadeIn_m1hgl_8\">a-<\/span><span class=\"_fadeIn_m1hgl_8\">Si <\/span><span class=\"_fadeIn_m1hgl_8\">TFT <\/span><span class=\"_fadeIn_m1hgl_8\">Ativo <\/span><span class=\"_fadeIn_m1hgl_8\">Matriz<\/span><\/p>\n<\/li>\n<li data-start=\"1037\" data-end=\"1101\">\n<p data-start=\"1039\" data-end=\"1101\"><strong data-start=\"1039\" data-end=\"1057\"><span class=\"_fadeIn_m1hgl_8\">COG <\/span><span class=\"_fadeIn_m1hgl_8\">Condutor <\/span><span class=\"_fadeIn_m1hgl_8\">IC:<\/span><\/strong> <span class=\"_fadeIn_m1hgl_8\">OTP <\/span><span class=\"_fadeIn_m1hgl_8\">disposi\u00e7\u00e3o, <\/span><span class=\"_fadeIn_m1hgl_8\">compat\u00edvel <\/span><span class=\"_fadeIn_m1hgl_8\">com <\/span><span class=\"_fadeIn_m1hgl_8\">BOE <\/span><span class=\"_fadeIn_m1hgl_8\">interface<\/span><\/p>\n<\/li>\n<li data-start=\"1102\" data-end=\"1166\">\n<p data-start=\"1104\" data-end=\"1166\"><strong data-start=\"1104\" data-end=\"1121\"><span class=\"_fadeIn_m1hgl_8\">EPD <\/span><span class=\"_fadeIn_m1hgl_8\">Forma de onda:<\/span><\/strong> <span class=\"_fadeIn_m1hgl_8\">Fornecido <\/span><span class=\"_fadeIn_m1hgl_8\">e <\/span><span class=\"_fadeIn_m1hgl_8\">descarreg\u00e1vel <\/span><span class=\"_fadeIn_m1hgl_8\">via <\/span><span class=\"_fadeIn_m1hgl_8\">BOE <\/span><span class=\"_fadeIn_m1hgl_8\">plataforma<\/span><\/p>\n<\/li>\n<\/ul>\n<p data-start=\"1173\" data-end=\"1199\"><strong data-start=\"1177\" data-end=\"1199\"><span class=\"_fadeIn_m1hgl_8\">Produto <\/span><span class=\"_fadeIn_m1hgl_8\">Vantagens<\/span><\/strong><\/p>\n<ul data-start=\"1201\" data-end=\"1731\">\n<li data-start=\"1201\" data-end=\"1311\">\n<p data-start=\"1203\" data-end=\"1311\"><span class=\"_fadeIn_m1hgl_8\">\u2705 <\/span><strong data-start=\"1205\" data-end=\"1237\"><span class=\"_fadeIn_m1hgl_8\">Ultra-<\/span><span class=\"_fadeIn_m1hgl_8\">Baixa <\/span><span class=\"_fadeIn_m1hgl_8\">Pot\u00eancia <\/span><span class=\"_fadeIn_m1hgl_8\">Consumo:<\/span><\/strong> <span class=\"_fadeIn_m1hgl_8\">Ideal <\/span><span class=\"_fadeIn_m1hgl_8\">para <\/span><span class=\"_fadeIn_m1hgl_8\">bateria<\/span><span class=\"_fadeIn_m1hgl_8\">alimentado <\/span><span class=\"_fadeIn_m1hgl_8\">aplica\u00e7\u00f5es <\/span><span class=\"_fadeIn_m1hgl_8\">que <\/span><span class=\"_fadeIn_m1hgl_8\">exigir <\/span><span class=\"_fadeIn_m1hgl_8\">longo <\/span><span class=\"_fadeIn_m1hgl_8\">espera <\/span><span class=\"_fadeIn_m1hgl_8\">vezes.<\/span><\/p>\n<\/li>\n<li data-start=\"1312\" data-end=\"1438\">\n<p data-start=\"1314\" data-end=\"1438\"><span class=\"_fadeIn_m1hgl_8\">\u2705 <\/span><strong data-start=\"1316\" data-end=\"1339\"><span class=\"_fadeIn_m1hgl_8\">Quatro-<\/span><span class=\"_fadeIn_m1hgl_8\">Cor <\/span><span class=\"_fadeIn_m1hgl_8\">Ecr\u00e3:<\/span><\/strong> <span class=\"_fadeIn_m1hgl_8\">Apoios <\/span><span class=\"_fadeIn_m1hgl_8\">m\u00faltiplo<\/span><span class=\"_fadeIn_m1hgl_8\">cor <\/span><span class=\"_fadeIn_m1hgl_8\">est\u00e1tico <\/span><span class=\"_fadeIn_m1hgl_8\">conte\u00fado <\/span><span class=\"_fadeIn_m1hgl_8\">para <\/span><span class=\"_fadeIn_m1hgl_8\">melhorado <\/span><span class=\"_fadeIn_m1hgl_8\">utilizador <\/span><span class=\"_fadeIn_m1hgl_8\">compromisso <\/span><span class=\"_fadeIn_m1hgl_8\">e <\/span><span class=\"_fadeIn_m1hgl_8\">informa\u00e7\u00e3o <\/span><span class=\"_fadeIn_m1hgl_8\">categoriza\u00e7\u00e3o.<\/span><\/p>\n<\/li>\n<li data-start=\"1439\" data-end=\"1557\">\n<p data-start=\"1441\" data-end=\"1557\"><span class=\"_fadeIn_m1hgl_8\">\u2705 <\/span><strong data-start=\"1443\" data-end=\"1491\"><span class=\"_fadeIn_m1hgl_8\">Largo <\/span><span class=\"_fadeIn_m1hgl_8\">Visualiza\u00e7\u00e3o <\/span><span class=\"_fadeIn_m1hgl_8\">\u00c2ngulo e <\/span><span class=\"_fadeIn_m1hgl_8\">Papel-<\/span><span class=\"_fadeIn_m1hgl_8\">Como <\/span><span class=\"_fadeIn_m1hgl_8\">Legibilidade:<\/span><\/strong> <span class=\"_fadeIn_m1hgl_8\">Perfeito <\/span><span class=\"_fadeIn_m1hgl_8\">para <\/span><span class=\"_fadeIn_m1hgl_8\">utiliza\u00e7\u00e3o <\/span><span class=\"_fadeIn_m1hgl_8\">sob <\/span><span class=\"_fadeIn_m1hgl_8\">direto <\/span><span class=\"_fadeIn_m1hgl_8\">luz solar, <\/span><span class=\"_fadeIn_m1hgl_8\">com <\/span><span class=\"_fadeIn_m1hgl_8\">m\u00ednimo <\/span><span class=\"_fadeIn_m1hgl_8\">olho <\/span><span class=\"_fadeIn_m1hgl_8\">estirpe.<\/span><\/p>\n<\/li>\n<li data-start=\"1558\" data-end=\"1641\">\n<p data-start=\"1560\" data-end=\"1641\"><span class=\"_fadeIn_m1hgl_8\">\u2705 <\/span><strong data-start=\"1562\" data-end=\"1582\"><span class=\"_fadeIn_m1hgl_8\">Duradouro <\/span><span class=\"_fadeIn_m1hgl_8\">Superf\u00edcie:<\/span><\/strong> <span class=\"_fadeIn_m1hgl_8\">3H <\/span><span class=\"_fadeIn_m1hgl_8\">anti<\/span><span class=\"_fadeIn_m1hgl_8\">brilho <\/span><span class=\"_fadeIn_m1hgl_8\">revestimento <\/span><span class=\"_fadeIn_m1hgl_8\">resiste <\/span><span class=\"_fadeIn_m1hgl_8\">arranh\u00f5es <\/span><span class=\"_fadeIn_m1hgl_8\">e <\/span><span class=\"_fadeIn_m1hgl_8\">reflex\u00f5es.<\/span><\/p>\n<\/li>\n<li data-start=\"1642\" data-end=\"1731\">\n<p data-start=\"1644\" data-end=\"1731\"><span class=\"_fadeIn_m1hgl_8\">\u2705 <\/span><strong data-start=\"1646\" data-end=\"1663\"><span class=\"_fadeIn_m1hgl_8\">Magro <\/span><span class=\"_fadeIn_m1hgl_8\">Perfil:<\/span><\/strong> <span class=\"_fadeIn_m1hgl_8\">Apenas <\/span><span class=\"_fadeIn_m1hgl_8\">0.9 <\/span><span class=\"_fadeIn_m1hgl_8\">mm <\/span><span class=\"_fadeIn_m1hgl_8\">grosso, <\/span><span class=\"_fadeIn_m1hgl_8\">fabrico <\/span><span class=\"_fadeIn_m1hgl_8\">ele <\/span><span class=\"_fadeIn_m1hgl_8\">adequado <\/span><span class=\"_fadeIn_m1hgl_8\">para <\/span><span class=\"_fadeIn_m1hgl_8\">compacto <\/span><span class=\"_fadeIn_m1hgl_8\">incorporado <\/span><span class=\"_fadeIn_m1hgl_8\">dispositivos.<\/span><\/p>\n<\/li>\n<\/ul>\n<p data-start=\"1738\" data-end=\"1758\"><strong><span class=\"_fadeIn_m1hgl_8\">Aplica\u00e7\u00f5es<\/span><\/strong><\/p>\n<ul data-start=\"1760\" data-end=\"1959\">\n<li data-start=\"1760\" data-end=\"1812\">\n<p data-start=\"1762\" data-end=\"1812\"><strong data-start=\"1762\" data-end=\"1810\"><span class=\"_fadeIn_m1hgl_8\">Inteligente <\/span><span class=\"_fadeIn_m1hgl_8\">Etiquetas &amp; <\/span><span class=\"_fadeIn_m1hgl_8\">ESL (<\/span><span class=\"_fadeIn_m1hgl_8\">Eletr\u00f3nico <\/span><span class=\"_fadeIn_m1hgl_8\">Prateleira <\/span><span class=\"_fadeIn_m1hgl_8\">Etiquetas)<\/span><\/strong><\/p>\n<\/li>\n<li data-start=\"1813\" data-end=\"1846\">\n<p data-start=\"1815\" data-end=\"1846\"><strong data-start=\"1815\" data-end=\"1844\"><span class=\"_fadeIn_m1hgl_8\">Industrial <\/span><span class=\"_fadeIn_m1hgl_8\">Controlo <\/span><span class=\"_fadeIn_m1hgl_8\">Pain\u00e9is<\/span><\/strong><\/p>\n<\/li>\n<li data-start=\"1847\" data-end=\"1879\">\n<p data-start=\"1849\" data-end=\"1879\"><strong data-start=\"1849\" data-end=\"1877\"><span class=\"_fadeIn_m1hgl_8\">E-<\/span><span class=\"_fadeIn_m1hgl_8\">Pre\u00e7o <\/span><span class=\"_fadeIn_m1hgl_8\">Etiquetas <\/span><span class=\"_fadeIn_m1hgl_8\">e <\/span><span class=\"_fadeIn_m1hgl_8\">Sinal\u00e9tica<\/span><\/strong><\/p>\n<\/li>\n<li data-start=\"1880\" data-end=\"1909\">\n<p data-start=\"1882\" data-end=\"1909\"><strong data-start=\"1882\" data-end=\"1907\"><span class=\"_fadeIn_m1hgl_8\">Inteligente <\/span><span class=\"_fadeIn_m1hgl_8\">In\u00edcio <\/span><span class=\"_fadeIn_m1hgl_8\">Interfaces<\/span><\/strong><\/p>\n<\/li>\n<li data-start=\"1910\" data-end=\"1959\">\n<p data-start=\"1912\" data-end=\"1959\"><strong data-start=\"1912\" data-end=\"1957\"><span class=\"_fadeIn_m1hgl_8\">Cuidados de sa\u00fade <\/span><span class=\"_fadeIn_m1hgl_8\">Dispositivos <\/span><span class=\"_fadeIn_m1hgl_8\">e <\/span><span class=\"_fadeIn_m1hgl_8\">Vest\u00edvel <\/span><span class=\"_fadeIn_m1hgl_8\">Equipamento<\/span><\/strong><\/p>\n<\/li>\n<\/ul>\n<p data-start=\"1966\" data-end=\"2006\"><strong data-start=\"1970\" data-end=\"2006\"><span class=\"_fadeIn_m1hgl_8\">Porqu\u00ea <\/span><span class=\"_fadeIn_m1hgl_8\">Escolher <\/span><span class=\"_fadeIn_m1hgl_8\">Este <\/span><span class=\"_fadeIn_m1hgl_8\">E-<\/span><span class=\"_fadeIn_m1hgl_8\">Papel <\/span><span class=\"_fadeIn_m1hgl_8\">Ecr\u00e3?<\/span><\/strong><\/p>\n<p data-start=\"2008\" data-end=\"2451\"><span class=\"_fadeIn_m1hgl_8\">Com <\/span><span class=\"_fadeIn_m1hgl_8\">seu <\/span><span class=\"_fadeIn_m1hgl_8\">quadrado <\/span><span class=\"_fadeIn_m1hgl_8\">forma <\/span><span class=\"_fadeIn_m1hgl_8\">e <\/span><span class=\"_fadeIn_m1hgl_8\">elevado <\/span><span class=\"_fadeIn_m1hgl_8\">pixel <\/span><span class=\"_fadeIn_m1hgl_8\">densidade, <\/span><span class=\"_fadeIn_m1hgl_8\">a <\/span><span class=\"_fadeIn_m1hgl_8\">4.05-<\/span><span class=\"_fadeIn_m1hgl_8\">polegada <\/span><span class=\"_fadeIn_m1hgl_8\">e-<\/span><span class=\"_fadeIn_m1hgl_8\">papel <\/span><span class=\"_fadeIn_m1hgl_8\">m\u00f3dulo <\/span><span class=\"_fadeIn_m1hgl_8\">ofertas <\/span><span class=\"_fadeIn_m1hgl_8\">superior <\/span><span class=\"_fadeIn_m1hgl_8\">legibilidade <\/span><span class=\"_fadeIn_m1hgl_8\">e <\/span><span class=\"_fadeIn_m1hgl_8\">forma <\/span><span class=\"_fadeIn_m1hgl_8\">fator <\/span><span class=\"_fadeIn_m1hgl_8\">flexibilidade. <\/span><span class=\"_fadeIn_m1hgl_8\">O <\/span><span class=\"_fadeIn_m1hgl_8\">apoio <\/span><span class=\"_fadeIn_m1hgl_8\">para <\/span><span class=\"_fadeIn_m1hgl_8\">vermelho <\/span><span class=\"_fadeIn_m1hgl_8\">e <\/span><span class=\"_fadeIn_m1hgl_8\">amarelo <\/span><span class=\"_fadeIn_m1hgl_8\">acentos <\/span><span class=\"_fadeIn_m1hgl_8\">faz <\/span><span class=\"_fadeIn_m1hgl_8\">ele <\/span><span class=\"_fadeIn_m1hgl_8\">especialmente <\/span><span class=\"_fadeIn_m1hgl_8\">\u00fatil <\/span><span class=\"_fadeIn_m1hgl_8\">para <\/span><span class=\"_fadeIn_m1hgl_8\">destaque <\/span><span class=\"_fadeIn_m1hgl_8\">alertas, <\/span><span class=\"_fadeIn_m1hgl_8\">fixa\u00e7\u00e3o de pre\u00e7os <\/span><span class=\"_fadeIn_m1hgl_8\">altera\u00e7\u00f5es, <\/span><span class=\"_fadeIn_m1hgl_8\">ou <\/span><span class=\"_fadeIn_m1hgl_8\">visual <\/span><span class=\"_fadeIn_m1hgl_8\">pistas <\/span><span class=\"_fadeIn_m1hgl_8\">em <\/span><span class=\"_fadeIn_m1hgl_8\">cr\u00edtico <\/span><span class=\"_fadeIn_m1hgl_8\">ambientes.<\/span><\/p>\n<p data-start=\"2458\" data-end=\"2613\"><strong data-start=\"2458\" data-end=\"2524\"><span class=\"_fadeIn_m1hgl_8\">Necessidade <\/span><span class=\"_fadeIn_m1hgl_8\">a <\/span><span class=\"_fadeIn_m1hgl_8\">ficha de dados, <\/span><span class=\"_fadeIn_m1hgl_8\">integra\u00e7\u00e3o <\/span><span class=\"_fadeIn_m1hgl_8\">guia, <\/span><span class=\"_fadeIn_m1hgl_8\">ou <\/span><span class=\"_fadeIn_m1hgl_8\">personaliza\u00e7\u00e3o <\/span><span class=\"_fadeIn_m1hgl_8\">apoio?<\/span><\/strong><br data-start=\"2524\" data-end=\"2527\" \/><span class=\"_fadeIn_m1hgl_8\">Contacto <\/span><span class=\"_fadeIn_m1hgl_8\">nosso <\/span><span class=\"_fadeIn_m1hgl_8\">equipa <\/span><span class=\"_fadeIn_m1hgl_8\">para <\/span><span class=\"_fadeIn_m1hgl_8\">explorar <\/span><span class=\"_fadeIn_m1hgl_8\">como <\/span><span class=\"_fadeIn_m1hgl_8\">este <\/span><span class=\"_fadeIn_m1hgl_8\">m\u00f3dulo <\/span><span class=\"_fadeIn_m1hgl_8\">pode <\/span><span class=\"_fadeIn_m1hgl_8\">apto <\/span><span class=\"_fadeIn_m1hgl_8\">em <\/span><span class=\"_fadeIn_m1hgl_8\">seu <\/span><span class=\"_fadeIn_m1hgl_8\">seguinte <\/span><span class=\"_fadeIn_m1hgl_8\">inovador <\/span><span class=\"_fadeIn_m1hgl_8\">projeto.<\/span><\/p>","protected":false},"excerpt":{"rendered":"<p><strong data-start=\"141\" data-end=\"158\"><span class=\"_fadeIn_pfttw_8\">Ecr\u00e3 <\/span><span class=\"_fadeIn_pfttw_8\">Tipo:<\/span><\/strong> <span class=\"_fadeIn_pfttw_8\">a-<\/span><span class=\"_fadeIn_pfttw_8\">Si <\/span><span class=\"_fadeIn_pfttw_8\">TFT <\/span><span class=\"_fadeIn_pfttw_8\">Ativo <\/span><span class=\"_fadeIn_pfttw_8\">Matriz <\/span><span class=\"_fadeIn_pfttw_8\">E-<\/span><span class=\"_fadeIn_pfttw_8\">Papel <\/span><span class=\"_fadeIn_pfttw_8\">Ecr\u00e3<\/span><br data-start=\"197\" data-end=\"200\" \/><strong data-start=\"200\" data-end=\"211\"><span class=\"_fadeIn_pfttw_8\">Cores:<\/span><\/strong> <span class=\"_fadeIn_pfttw_8\">Preto \/ <\/span><span class=\"_fadeIn_pfttw_8\">Branco \/ <\/span><span class=\"_fadeIn_pfttw_8\">Vermelho \/ <\/span><span class=\"_fadeIn_pfttw_8\">Amarelo<\/span><br data-start=\"240\" data-end=\"243\" \/><strong data-start=\"243\" data-end=\"265\"><span class=\"_fadeIn_pfttw_8\">Superf\u00edcie <\/span><span class=\"_fadeIn_pfttw_8\">Tratamento:<\/span><\/strong> <span class=\"_fadeIn_pfttw_8\">Anti-<\/span><span class=\"_fadeIn_pfttw_8\">Brilho, <\/span><span class=\"_fadeIn_pfttw_8\">Dureza <\/span><span class=\"_fadeIn_pfttw_8\">3H<\/span><\/p>","protected":false},"featured_media":42710,"template":"","meta":[],"product_brand":[],"product_cat":[378],"product_tag":[495],"class_list":{"0":"post-42714","1":"product","2":"type-product","3":"status-publish","4":"has-post-thumbnail","6":"product_cat-epd-display","7":"product_tag-new-display","9":"first","10":"instock","11":"shipping-taxable","12":"product-type-simple"},"ct_brands":[],"_links":{"self":[{"href":"https:\/\/rjydisplay.com\/pt\/wp-json\/wp\/v2\/product\/42714","targetHints":{"allow":["GET"]}}],"collection":[{"href":"https:\/\/rjydisplay.com\/pt\/wp-json\/wp\/v2\/product"}],"about":[{"href":"https:\/\/rjydisplay.com\/pt\/wp-json\/wp\/v2\/types\/product"}],"wp:featuredmedia":[{"embeddable":true,"href":"https:\/\/rjydisplay.com\/pt\/wp-json\/wp\/v2\/media\/42710"}],"wp:attachment":[{"href":"https:\/\/rjydisplay.com\/pt\/wp-json\/wp\/v2\/media?parent=42714"}],"wp:term":[{"taxonomy":"product_brand","embeddable":true,"href":"https:\/\/rjydisplay.com\/pt\/wp-json\/wp\/v2\/product_brand?post=42714"},{"taxonomy":"product_cat","embeddable":true,"href":"https:\/\/rjydisplay.com\/pt\/wp-json\/wp\/v2\/product_cat?post=42714"},{"taxonomy":"product_tag","embeddable":true,"href":"https:\/\/rjydisplay.com\/pt\/wp-json\/wp\/v2\/product_tag?post=42714"}],"curies":[{"name":"wp","href":"https:\/\/api.w.org\/{rel}","templated":true}]}}