{"id":43828,"date":"2025-10-14T06:57:31","date_gmt":"2025-10-14T06:57:31","guid":{"rendered":"https:\/\/rjydisplay.com\/?post_type=product&#038;p=43828"},"modified":"2026-04-13T07:20:53","modified_gmt":"2026-04-13T07:20:53","slug":"rockchip-rk3566-quad-core-android-control-board","status":"publish","type":"product","link":"https:\/\/rjydisplay.com\/pt\/produto\/rockchip-rk3566-quad-core-android-control-board\/","title":{"rendered":"Placa de Controle Android Quad-core Rockchip RK3566 \u2013 Android 11, Buildroot, AIoT"},"content":{"rendered":"<h3 data-start=\"162\" data-end=\"187\"><strong data-start=\"165\" data-end=\"185\">Vis\u00e3o geral do produto<\/strong><\/h3>\n<p data-start=\"107\" data-end=\"632\">A placa principal RJY RK3566 AIOT \u00e9 uma plataforma de computa\u00e7\u00e3o embarcada de alto desempenho, baixo consumo e custo-benef\u00edcio, projetada para aplica\u00e7\u00f5es de intelig\u00eancia de borda. Alimentada pelo processador Rockchip RK3566 quad-core Cortex-A55, oferece um equil\u00edbrio entre desempenho poderoso e opera\u00e7\u00e3o est\u00e1vel. Com GPU integrada, NPU e uma ampla gama de interfaces, atende \u00e0s exigentes necessidades de automa\u00e7\u00e3o industrial, displays inteligentes, gateways de IoT e dispositivos orientados por IA.<\/p>\n<hr data-start=\"1743\" data-end=\"1746\" \/>\n<h3 data-start=\"717\" data-end=\"737\"><strong data-start=\"721\" data-end=\"737\">Carater\u00edsticas principais<\/strong><\/h3>\n<ul data-start=\"738\" data-end=\"1753\">\n<li data-start=\"738\" data-end=\"966\">\n<p data-start=\"740\" data-end=\"966\"><strong data-start=\"740\" data-end=\"771\">Processamento de Alto Desempenho<\/strong><br data-start=\"771\" data-end=\"774\" \/>Equipado com CPU Rockchip RK3566 quad-core Cortex-A55 (at\u00e9 1,8 GHz) e GPU Mali-G52 2EE, suportando OpenGL ES 3.2, OpenCL 2.0 e Vulkan 1.1 para acelera\u00e7\u00e3o gr\u00e1fica 2D\/3D avan\u00e7ada.<\/p>\n<\/li>\n<li data-start=\"968\" data-end=\"1140\">\n<p data-start=\"970\" data-end=\"1140\"><strong data-start=\"970\" data-end=\"1000\">Capacidades de IA Integradas<\/strong><br data-start=\"1000\" data-end=\"1003\" \/>NPU integrado com at\u00e9 1,0 TOPS de poder de computa\u00e7\u00e3o de IA para reconhecimento de imagem em tempo real, infer\u00eancia de borda e aplica\u00e7\u00f5es de aprendizado de m\u00e1quina.<\/p>\n<\/li>\n<li data-start=\"1142\" data-end=\"1332\">\n<p data-start=\"1144\" data-end=\"1332\"><strong data-start=\"1144\" data-end=\"1169\">Suporte a M\u00faltiplos Displays<\/strong><br data-start=\"1169\" data-end=\"1172\" \/>Oferece m\u00faltiplas interfaces de display, incluindo HDMI (4K@60Hz), eDP (2560\u00d71600@60Hz) e MIPI DSI (1080P@60Hz), suportando v\u00e1rios tamanhos e resolu\u00e7\u00f5es de tela.<\/p>\n<\/li>\n<li data-start=\"1334\" data-end=\"1538\">\n<p data-start=\"1336\" data-end=\"1538\"><strong data-start=\"1336\" data-end=\"1369\">Conectividade e Expans\u00e3o Abundantes<\/strong><br data-start=\"1369\" data-end=\"1372\" \/>Suporta m\u00f3dulos Wi-Fi\/Bluetooth, USB 2.0\/3.0, Ethernet Gigabit, c\u00e2mera MIPI CSI, GPIO de 40 pinos, cart\u00e3o TF e interface de expans\u00e3o de alta velocidade para integra\u00e7\u00e3o flex\u00edvel.<\/p>\n<\/li>\n<li data-start=\"1540\" data-end=\"1753\">\n<p data-start=\"1542\" data-end=\"1753\"><strong data-start=\"1542\" data-end=\"1572\">Estabilidade de Grau Industrial<\/strong><br data-start=\"1572\" data-end=\"1575\" \/>Projetado para ambientes industriais com faixa de temperatura operacional de -20\u00b0C a +70\u00b0C, prote\u00e7\u00e3o antiest\u00e1tica (\u00b14KV contato, \u00b16KV ar) e dimens\u00f5es compactas de 70\u00d745\u00d79,6 mm.<\/p>\n<\/li>\n<\/ul>\n<hr data-start=\"1755\" data-end=\"1758\" \/>\n<h3 data-start=\"1760\" data-end=\"1792\"><strong data-start=\"1764\" data-end=\"1792\">Especifica\u00e7\u00f5es T\u00e9cnicas<\/strong><\/h3>\n<div class=\"_tableContainer_1rjym_1\">\n<div class=\"group _tableWrapper_1rjym_13 flex w-fit flex-col-reverse\" tabindex=\"-1\">\n<table class=\"w-fit min-w-(--thread-content-width)\" data-start=\"1794\" data-end=\"2728\">\n<thead data-start=\"1794\" data-end=\"1822\">\n<tr data-start=\"1794\" data-end=\"1822\">\n<th data-start=\"1794\" data-end=\"1805\" data-col-size=\"sm\">Categoria<\/th>\n<th data-start=\"1805\" data-end=\"1822\" data-col-size=\"md\">Especifica\u00e7\u00e3o<\/th>\n<\/tr>\n<\/thead>\n<tbody data-start=\"1854\" data-end=\"2728\">\n<tr data-start=\"1854\" data-end=\"1931\">\n<td data-start=\"1854\" data-end=\"1876\" data-col-size=\"sm\"><strong data-start=\"1856\" data-end=\"1875\">Processador (CPU)<\/strong><\/td>\n<td data-col-size=\"md\" data-start=\"1876\" data-end=\"1931\">Rockchip RK3566, Quad-core Cortex-A55, at\u00e9 1,8 GHz<\/td>\n<\/tr>\n<tr data-start=\"1932\" data-end=\"2034\">\n<td data-start=\"1932\" data-end=\"1942\" data-col-size=\"sm\"><strong data-start=\"1934\" data-end=\"1941\">GPU<\/strong><\/td>\n<td data-col-size=\"md\" data-start=\"1942\" data-end=\"2034\">ARM Mali-G52 2EE, suporta OpenGL ES1.1\/2.0\/3.2, OpenCL 2.0, Vulkan 1.1, acelera\u00e7\u00e3o 2D<\/td>\n<\/tr>\n<tr data-start=\"2035\" data-end=\"2063\">\n<td data-start=\"2035\" data-end=\"2045\" data-col-size=\"sm\"><strong data-start=\"2037\" data-end=\"2044\">NPU<\/strong><\/td>\n<td data-col-size=\"md\" data-start=\"2045\" data-end=\"2063\">At\u00e9 1,0 TOPS<\/td>\n<\/tr>\n<tr data-start=\"2064\" data-end=\"2113\">\n<td data-start=\"2064\" data-end=\"2077\" data-col-size=\"sm\"><strong data-start=\"2066\" data-end=\"2076\">Mem\u00f3ria<\/strong><\/td>\n<td data-col-size=\"md\" data-start=\"2077\" data-end=\"2113\">LPDDR4\/4X: 1 GB \/ 2 GB \/ 4 GB \/ 8 GB<\/td>\n<\/tr>\n<tr data-start=\"2114\" data-end=\"2170\">\n<td data-start=\"2114\" data-end=\"2128\" data-col-size=\"sm\"><strong data-start=\"2116\" data-end=\"2127\">Armazenamento<\/strong><\/td>\n<td data-col-size=\"md\" data-start=\"2128\" data-end=\"2170\">eMMC: 8 GB \/ 16 GB \/ 32 GB \/ 64 GB \/ 128 GB<\/td>\n<\/tr>\n<tr data-start=\"2171\" data-end=\"2259\">\n<td data-start=\"2171\" data-end=\"2196\" data-col-size=\"sm\"><strong data-start=\"2173\" data-end=\"2195\">Interfaces de Exibi\u00e7\u00e3o<\/strong><\/td>\n<td data-col-size=\"md\" data-start=\"2196\" data-end=\"2259\">HDMI (4K@60Hz), eDP (2560\u00d71600@60Hz), MIPI DSI (1080P@60Hz)<\/td>\n<\/tr>\n<tr data-start=\"2260\" data-end=\"2309\">\n<td data-start=\"2260\" data-end=\"2283\" data-col-size=\"sm\"><strong data-start=\"2262\" data-end=\"2282\">Interface de C\u00e2mera<\/strong><\/td>\n<td data-col-size=\"md\" data-start=\"2283\" data-end=\"2309\">MIPI CSI, 30PIN 4-Lane<\/td>\n<\/tr>\n<tr data-start=\"2310\" data-end=\"2388\">\n<td data-start=\"2310\" data-end=\"2329\" data-col-size=\"sm\"><strong data-start=\"2312\" data-end=\"2328\">Conectividade<\/strong><\/td>\n<td data-col-size=\"md\" data-start=\"2329\" data-end=\"2388\">Wi-Fi 2,4 GHz \/ Bluetooth, Ethernet Gigabit, USB 2.0\/3.0<\/td>\n<\/tr>\n<tr data-start=\"2389\" data-end=\"2489\">\n<td data-start=\"2389\" data-end=\"2410\" data-col-size=\"sm\"><strong data-start=\"2391\" data-end=\"2409\">Interfaces de E\/S<\/strong><\/td>\n<td data-col-size=\"md\" data-start=\"2410\" data-end=\"2489\">GPIO de 40 PINOS (PWM, I2C, SPI, UART), Slot para Cart\u00e3o TF (at\u00e9 512 GB), Serial de Depura\u00e7\u00e3o<\/td>\n<\/tr>\n<tr data-start=\"2490\" data-end=\"2554\">\n<td data-start=\"2490\" data-end=\"2502\" data-col-size=\"sm\"><strong data-start=\"2492\" data-end=\"2501\">\u00c1udio<\/strong><\/td>\n<td data-col-size=\"md\" data-start=\"2502\" data-end=\"2554\">Alto-falante de 1,3 W e microfone integrados via RK809-5<\/td>\n<\/tr>\n<tr data-start=\"2555\" data-end=\"2606\">\n<td data-start=\"2555\" data-end=\"2574\" data-col-size=\"sm\"><strong data-start=\"2557\" data-end=\"2573\">Fonte de alimenta\u00e7\u00e3o<\/strong><\/td>\n<td data-col-size=\"md\" data-start=\"2574\" data-end=\"2606\">Entrada Type-C 5V\/3A ou 12V\/2A<\/td>\n<\/tr>\n<tr data-start=\"2607\" data-end=\"2652\">\n<td data-start=\"2607\" data-end=\"2635\" data-col-size=\"sm\"><strong data-start=\"2609\" data-end=\"2634\">Temperatura de funcionamento<\/strong><\/td>\n<td data-col-size=\"md\" data-start=\"2635\" data-end=\"2652\">-20\u00b0C ~ +70\u00b0C<\/td>\n<\/tr>\n<tr data-start=\"2653\" data-end=\"2696\">\n<td data-start=\"2653\" data-end=\"2679\" data-col-size=\"sm\"><strong data-start=\"2655\" data-end=\"2678\">Temperatura de armazenamento<\/strong><\/td>\n<td data-col-size=\"md\" data-start=\"2679\" data-end=\"2696\">-30\u00b0C ~ +80\u00b0C<\/td>\n<\/tr>\n<tr data-start=\"2697\" data-end=\"2728\">\n<td data-start=\"2697\" data-end=\"2708\" data-col-size=\"sm\"><strong data-start=\"2699\" data-end=\"2707\">Tamanho<\/strong><\/td>\n<td data-col-size=\"md\" data-start=\"2708\" data-end=\"2728\">70 \u00d7 45 \u00d7 9,6 mm<\/td>\n<\/tr>\n<\/tbody>\n<\/table>\n<\/div>\n<\/div>\n<hr data-start=\"2730\" data-end=\"2733\" \/>\n<h3 data-start=\"2735\" data-end=\"2755\"><strong data-start=\"2739\" data-end=\"2755\">Aplica\u00e7\u00f5es<\/strong><\/h3>\n<ul data-start=\"2756\" data-end=\"2969\">\n<li data-start=\"2756\" data-end=\"2803\">\n<p data-start=\"2758\" data-end=\"2803\">Displays Inteligentes e Interfaces Homem-M\u00e1quina<\/p>\n<\/li>\n<li data-start=\"2804\" data-end=\"2841\">\n<p data-start=\"2806\" data-end=\"2841\">IA de Borda e Terminais Inteligentes<\/p>\n<\/li>\n<li data-start=\"2842\" data-end=\"2887\">\n<p data-start=\"2844\" data-end=\"2887\">Sistemas de Controle Industrial e Automa\u00e7\u00e3o<\/p>\n<\/li>\n<li data-start=\"2888\" data-end=\"2929\">\n<p data-start=\"2890\" data-end=\"2929\">Dispositivos de Educa\u00e7\u00e3o em IA e Varejo Inteligente<\/p>\n<\/li>\n<li data-start=\"2930\" data-end=\"2969\">\n<p data-start=\"2932\" data-end=\"2969\">Gateways de IoT e Sistemas de Casa Inteligente<\/p>\n<\/li>\n<\/ul>\n<hr data-start=\"2971\" data-end=\"2974\" \/>\n<h3 data-start=\"2976\" data-end=\"2994\"><strong data-start=\"2980\" data-end=\"2994\">Destaques<\/strong><\/h3>\n<ul data-start=\"2995\" data-end=\"3272\">\n<li data-start=\"2995\" data-end=\"3062\">\n<p data-start=\"2997\" data-end=\"3062\">CPU quad-core de alto desempenho com consumo eficiente de energia<\/p>\n<\/li>\n<li data-start=\"3063\" data-end=\"3115\">\n<p data-start=\"3065\" data-end=\"3115\">Acelera\u00e7\u00e3o de IA integrada e decodifica\u00e7\u00e3o de v\u00eddeo 4K<\/p>\n<\/li>\n<li data-start=\"3116\" data-end=\"3161\">\n<p data-start=\"3118\" data-end=\"3161\">Op\u00e7\u00f5es flex\u00edveis de display e conectividade<\/p>\n<\/li>\n<li data-start=\"3162\" data-end=\"3218\">\n<p data-start=\"3164\" data-end=\"3218\">Design de grau industrial garantindo estabilidade de longo prazo<\/p>\n<\/li>\n<li data-start=\"3219\" data-end=\"3272\">\n<p data-start=\"3221\" data-end=\"3272\">Tamanho compacto para integra\u00e7\u00e3o embarcada e modular<\/p>\n<\/li>\n<\/ul>","protected":false},"excerpt":{"rendered":"<ul>\n<li data-start=\"81\" data-end=\"197\"><strong data-start=\"81\" data-end=\"107\">Processador AI Quad-core<\/strong> \u2013 RK3566 com Cortex-A55 at\u00e9 1,8 GHz, GPU ARM G52, NPU integrado fornecendo 1,0 TOPS<\/li>\n<li data-start=\"200\" data-end=\"309\"><strong data-start=\"200\" data-end=\"212\">Preparado para IA<\/strong>\u00a0\u2013 Suporta TensorFlow, Caffe, MxNet com ferramentas de desenvolvimento AI integradas e APIs multiplataforma<\/li>\n<li data-start=\"312\" data-end=\"412\"><strong data-start=\"312\" data-end=\"332\">Confiabilidade 24\/7<\/strong>\u00a0\u2013 Hardware e software otimizados garantem opera\u00e7\u00e3o est\u00e1vel e aut\u00f3noma<\/li>\n<li data-start=\"415\" data-end=\"541\"><strong data-start=\"415\" data-end=\"436\">Altamente Integrado<\/strong>\u00a0\u2013 Ethernet, Wi-Fi, \u00e1udio, IR, display LVDS\/MIPI, sensores e suporte para c\u00e2mara numa placa compacta e ultrafina<\/li>\n<li data-start=\"544\" data-end=\"685\"><strong data-start=\"544\" data-end=\"566\">Expans\u00e3o Flex\u00edvel<\/strong> \u2013 Interfaces diversificadas incluindo USB, RS232\/RS485, UART, I2C, I\/O, PoE, rel\u00e9 e controlo de ilumina\u00e7\u00e3o para diversas aplica\u00e7\u00f5es<\/li>\n<\/ul>","protected":false},"featured_media":43830,"template":"","meta":[],"product_brand":[],"product_cat":[379],"product_tag":[496],"class_list":{"0":"post-43828","1":"product","2":"type-product","3":"status-publish","4":"has-post-thumbnail","6":"product_cat-computing-modules","7":"product_tag-new-android","9":"first","10":"instock","11":"product-type-simple"},"ct_brands":[],"_links":{"self":[{"href":"https:\/\/rjydisplay.com\/pt\/wp-json\/wp\/v2\/product\/43828","targetHints":{"allow":["GET"]}}],"collection":[{"href":"https:\/\/rjydisplay.com\/pt\/wp-json\/wp\/v2\/product"}],"about":[{"href":"https:\/\/rjydisplay.com\/pt\/wp-json\/wp\/v2\/types\/product"}],"wp:featuredmedia":[{"embeddable":true,"href":"https:\/\/rjydisplay.com\/pt\/wp-json\/wp\/v2\/media\/43830"}],"wp:attachment":[{"href":"https:\/\/rjydisplay.com\/pt\/wp-json\/wp\/v2\/media?parent=43828"}],"wp:term":[{"taxonomy":"product_brand","embeddable":true,"href":"https:\/\/rjydisplay.com\/pt\/wp-json\/wp\/v2\/product_brand?post=43828"},{"taxonomy":"product_cat","embeddable":true,"href":"https:\/\/rjydisplay.com\/pt\/wp-json\/wp\/v2\/product_cat?post=43828"},{"taxonomy":"product_tag","embeddable":true,"href":"https:\/\/rjydisplay.com\/pt\/wp-json\/wp\/v2\/product_tag?post=43828"}],"curies":[{"name":"wp","href":"https:\/\/api.w.org\/{rel}","templated":true}]}}